{"id":171,"date":"2019-05-03T09:52:18","date_gmt":"2019-05-03T09:52:18","guid":{"rendered":"https:\/\/mediaplatz.com\/?page_id=171"},"modified":"2019-07-31T16:22:55","modified_gmt":"2019-07-31T16:22:55","slug":"blog","status":"publish","type":"page","link":"https:\/\/mediaplatz.com\/hu\/blog\/","title":{"rendered":"Blog"},"content":{"rendered":"\t\t<div data-elementor-type=\"wp-post\" data-elementor-id=\"171\" class=\"elementor elementor-171\" data-elementor-post-type=\"page\">\n\t\t\t\t\t\t<section class=\"elementor-section elementor-top-section elementor-element elementor-element-9354c6d elementor-section-boxed elementor-section-height-default elementor-section-height-default\" data-id=\"9354c6d\" data-element_type=\"section\" data-settings=\"{&quot;background_background&quot;:&quot;classic&quot;}\">\n\t\t\t\t\t\t<div class=\"elementor-container elementor-column-gap-default\">\n\t\t\t\t\t<div class=\"elementor-column elementor-col-100 elementor-top-column elementor-element elementor-element-d679579\" data-id=\"d679579\" data-element_type=\"column\">\n\t\t\t<div class=\"elementor-widget-wrap elementor-element-populated\">\n\t\t\t\t\t\t<div class=\"elementor-element elementor-element-c816233 elementor-hidden-phone elementor-widget elementor-widget-wp-widget-categories\" data-id=\"c816233\" data-element_type=\"widget\" id=\"blog-categories\" data-widget_type=\"wp-widget-categories.default\">\n\t\t\t\t<div class=\"elementor-widget-container\">\n\t\t\t<h5>Kateg\u00f3ri\u00e1k<\/h5>\n\t\t\t<ul>\n\t\t\t\t\t<li class=\"cat-item cat-item-22\"><a href=\"https:\/\/mediaplatz.com\/hu\/category\/branding\/\">Branding<\/a>\n<\/li>\n\t<li class=\"cat-item cat-item-23\"><a href=\"https:\/\/mediaplatz.com\/hu\/category\/marketing\/\">Marketing<\/a>\n<\/li>\n\t<li class=\"cat-item cat-item-20\"><a href=\"https:\/\/mediaplatz.com\/hu\/category\/social-media\/\">Social Media<\/a>\n<\/li>\n\t<li class=\"cat-item cat-item-21\"><a href=\"https:\/\/mediaplatz.com\/hu\/category\/wordpress\/\">WordPress<\/a>\n<\/li>\n\t\t\t<\/ul>\n\n\t\t\t\t\t<\/div>\n\t\t\t\t<\/div>\n\t\t\t\t<div class=\"elementor-element elementor-element-acee808 elementor-hidden-desktop elementor-hidden-tablet elementor-widget elementor-widget-html\" data-id=\"acee808\" data-element_type=\"widget\" data-widget_type=\"html.default\">\n\t\t\t\t<div class=\"elementor-widget-container\">\n\t\t\t<p id=\"mob-cat-title\" class=\"title\">Kateg\u00f3ri\u00e1k <i class=\"fa fa-angle-down\" aria-hidden=\"true\"><\/i><\/p>\n<div id=\"blog-mobile-categories\"><\/div>\t\t<\/div>\n\t\t\t\t<\/div>\n\t\t\t\t\t<\/div>\n\t\t<\/div>\n\t\t\t\t\t<\/div>\n\t\t<\/section>\n\t\t\t\t<section class=\"elementor-section elementor-top-section elementor-element elementor-element-c5640fc elementor-section-boxed elementor-section-height-default elementor-section-height-default\" data-id=\"c5640fc\" data-element_type=\"section\">\n\t\t\t\t\t\t<div class=\"elementor-container elementor-column-gap-default\">\n\t\t\t\t\t<div class=\"elementor-column elementor-col-100 elementor-top-column elementor-element elementor-element-dcca942\" data-id=\"dcca942\" data-element_type=\"column\">\n\t\t\t<div class=\"elementor-widget-wrap elementor-element-populated\">\n\t\t\t\t\t\t<div class=\"elementor-element elementor-element-fd99146 elementor-posts--align-center elementor-posts__hover-none elementor-grid-3 elementor-grid-tablet-2 elementor-grid-mobile-1 elementor-posts--thumbnail-top elementor-posts--show-avatar elementor-card-shadow-yes elementor-widget elementor-widget-global elementor-global-186 elementor-widget-posts\" data-id=\"fd99146\" data-element_type=\"widget\" data-settings=\"{&quot;cards_columns&quot;:&quot;3&quot;,&quot;cards_columns_tablet&quot;:&quot;2&quot;,&quot;cards_columns_mobile&quot;:&quot;1&quot;,&quot;cards_row_gap&quot;:{&quot;unit&quot;:&quot;px&quot;,&quot;size&quot;:35,&quot;sizes&quot;:[]},&quot;cards_row_gap_tablet&quot;:{&quot;unit&quot;:&quot;px&quot;,&quot;size&quot;:&quot;&quot;,&quot;sizes&quot;:[]},&quot;cards_row_gap_mobile&quot;:{&quot;unit&quot;:&quot;px&quot;,&quot;size&quot;:&quot;&quot;,&quot;sizes&quot;:[]}}\" data-widget_type=\"posts.cards\">\n\t\t\t\t<div class=\"elementor-widget-container\">\n\t\t\t\t\t<div class=\"elementor-posts-container elementor-posts elementor-posts--skin-cards elementor-grid\">\n\t\t\t\t<article class=\"elementor-post elementor-grid-item post-173 post type-post status-publish format-standard has-post-thumbnail hentry category-social-media\">\n\t\t\t<div class=\"elementor-post__card\">\n\t\t\t\t<a class=\"elementor-post__thumbnail__link\" href=\"https:\/\/mediaplatz.com\/hu\/milyen-lehet-a-vilag-legnagyobb-tech-konferenciaja\/\" tabindex=\"-1\" ><div class=\"elementor-post__thumbnail\"><img decoding=\"async\" width=\"1\" height=\"1\" src=\"https:\/\/mediaplatz.com\/wp-content\/uploads\/2019\/05\/WS_01_illu_cover-1.svg\" class=\"attachment-large size-large wp-image-368\" alt=\"\" \/><\/div><\/a>\n\t\t\t\t<div class=\"elementor-post__badge\">Social Media<\/div>\n\t\t\t\t<div class=\"elementor-post__avatar\">\n\t\t\t<img alt='Mosonyi G\u00e1bor' src='https:\/\/secure.gravatar.com\/avatar\/deaaa025cb389843fcf14f8f978cc3f7?s=128&#038;d=mm&#038;r=g' srcset='https:\/\/secure.gravatar.com\/avatar\/deaaa025cb389843fcf14f8f978cc3f7?s=256&#038;d=mm&#038;r=g 2x' class='avatar avatar-128 photo' height='128' width='128' \/>\t\t<\/div>\n\t\t\t\t<div class=\"elementor-post__text\">\n\t\t\t\t<h3 class=\"elementor-post__title\">\n\t\t\t<a href=\"https:\/\/mediaplatz.com\/hu\/milyen-lehet-a-vilag-legnagyobb-tech-konferenciaja\/\" >\n\t\t\t\tMilyen lehet a vil\u00e1g legnagyobb tech konferenci\u00e1ja?\t\t\t<\/a>\n\t\t<\/h3>\n\t\t\t\t<\/div>\n\t\t\t\t\t<\/div>\n\t\t<\/article>\n\t\t\t\t<article class=\"elementor-post elementor-grid-item post-370 post type-post status-publish format-standard has-post-thumbnail hentry category-wordpress\">\n\t\t\t<div class=\"elementor-post__card\">\n\t\t\t\t<a class=\"elementor-post__thumbnail__link\" href=\"https:\/\/mediaplatz.com\/hu\/wordpress-gdpr-plugin-serulekenyseget-kihasznalva-tortek-fel-es-fertoztek-meg-tobb-ezer-weboldalt\/\" tabindex=\"-1\" ><div class=\"elementor-post__thumbnail\"><img decoding=\"async\" width=\"1\" height=\"1\" src=\"https:\/\/mediaplatz.com\/wp-content\/uploads\/2019\/05\/blog-04.svg\" class=\"attachment-large size-large wp-image-371\" alt=\"\" \/><\/div><\/a>\n\t\t\t\t<div class=\"elementor-post__badge\">WordPress<\/div>\n\t\t\t\t<div class=\"elementor-post__avatar\">\n\t\t\t<img alt='Mosonyi G\u00e1bor' src='https:\/\/secure.gravatar.com\/avatar\/deaaa025cb389843fcf14f8f978cc3f7?s=128&#038;d=mm&#038;r=g' srcset='https:\/\/secure.gravatar.com\/avatar\/deaaa025cb389843fcf14f8f978cc3f7?s=256&#038;d=mm&#038;r=g 2x' class='avatar avatar-128 photo' height='128' width='128' \/>\t\t<\/div>\n\t\t\t\t<div class=\"elementor-post__text\">\n\t\t\t\t<h3 class=\"elementor-post__title\">\n\t\t\t<a href=\"https:\/\/mediaplatz.com\/hu\/wordpress-gdpr-plugin-serulekenyseget-kihasznalva-tortek-fel-es-fertoztek-meg-tobb-ezer-weboldalt\/\" >\n\t\t\t\tWordPress GDPR plugin s\u00e9r\u00fcl\u00e9kenys\u00e9g\u00e9t kihaszn\u00e1lva t\u00f6rtek fel \u00e9s fert\u0151ztek meg t\u00f6bb ezer weboldalt\t\t\t<\/a>\n\t\t<\/h3>\n\t\t\t\t<\/div>\n\t\t\t\t\t<\/div>\n\t\t<\/article>\n\t\t\t\t<article class=\"elementor-post elementor-grid-item post-390 post type-post status-publish format-standard has-post-thumbnail hentry category-marketing\">\n\t\t\t<div class=\"elementor-post__card\">\n\t\t\t\t<a class=\"elementor-post__thumbnail__link\" href=\"https:\/\/mediaplatz.com\/hu\/6-online-marketing-strategia-amit-vallalkozokent-ismerned-kell\/\" tabindex=\"-1\" ><div class=\"elementor-post__thumbnail\"><img decoding=\"async\" width=\"1\" height=\"1\" src=\"https:\/\/mediaplatz.com\/wp-content\/uploads\/2019\/05\/blog-01.svg\" class=\"attachment-large size-large wp-image-391\" alt=\"\" \/><\/div><\/a>\n\t\t\t\t<div class=\"elementor-post__badge\">Marketing<\/div>\n\t\t\t\t<div class=\"elementor-post__avatar\">\n\t\t\t<img alt='Nadja Runge' src='https:\/\/secure.gravatar.com\/avatar\/8b25b261857e6135e9f6bfdd46f6172f?s=128&#038;d=mm&#038;r=g' srcset='https:\/\/secure.gravatar.com\/avatar\/8b25b261857e6135e9f6bfdd46f6172f?s=256&#038;d=mm&#038;r=g 2x' class='avatar avatar-128 photo' height='128' width='128' \/>\t\t<\/div>\n\t\t\t\t<div class=\"elementor-post__text\">\n\t\t\t\t<h3 class=\"elementor-post__title\">\n\t\t\t<a href=\"https:\/\/mediaplatz.com\/hu\/6-online-marketing-strategia-amit-vallalkozokent-ismerned-kell\/\" >\n\t\t\t\t6 online marketing strat\u00e9gia, amit v\u00e1llalkoz\u00f3k\u00e9nt ismerned kell\t\t\t<\/a>\n\t\t<\/h3>\n\t\t\t\t<\/div>\n\t\t\t\t\t<\/div>\n\t\t<\/article>\n\t\t\t\t<article class=\"elementor-post elementor-grid-item post-387 post type-post status-publish format-standard has-post-thumbnail hentry category-social-media\">\n\t\t\t<div class=\"elementor-post__card\">\n\t\t\t\t<a class=\"elementor-post__thumbnail__link\" href=\"https:\/\/mediaplatz.com\/hu\/online-vallalkozasod-legfontosabb-social-media-mutatoi\/\" tabindex=\"-1\" ><div class=\"elementor-post__thumbnail\"><img loading=\"lazy\" decoding=\"async\" width=\"1\" height=\"1\" src=\"https:\/\/mediaplatz.com\/wp-content\/uploads\/2019\/05\/blog-03.svg\" class=\"attachment-large size-large wp-image-388\" alt=\"\" \/><\/div><\/a>\n\t\t\t\t<div class=\"elementor-post__badge\">Social Media<\/div>\n\t\t\t\t<div class=\"elementor-post__avatar\">\n\t\t\t<img alt='Nadja Runge' src='https:\/\/secure.gravatar.com\/avatar\/8b25b261857e6135e9f6bfdd46f6172f?s=128&#038;d=mm&#038;r=g' srcset='https:\/\/secure.gravatar.com\/avatar\/8b25b261857e6135e9f6bfdd46f6172f?s=256&#038;d=mm&#038;r=g 2x' class='avatar avatar-128 photo' height='128' width='128' \/>\t\t<\/div>\n\t\t\t\t<div class=\"elementor-post__text\">\n\t\t\t\t<h3 class=\"elementor-post__title\">\n\t\t\t<a href=\"https:\/\/mediaplatz.com\/hu\/online-vallalkozasod-legfontosabb-social-media-mutatoi\/\" >\n\t\t\t\tOnline v\u00e1llalkoz\u00e1sod legfontosabb social media mutat\u00f3i\t\t\t<\/a>\n\t\t<\/h3>\n\t\t\t\t<\/div>\n\t\t\t\t\t<\/div>\n\t\t<\/article>\n\t\t\t\t<article class=\"elementor-post elementor-grid-item post-384 post type-post status-publish format-standard has-post-thumbnail hentry category-branding\">\n\t\t\t<div class=\"elementor-post__card\">\n\t\t\t\t<a class=\"elementor-post__thumbnail__link\" href=\"https:\/\/mediaplatz.com\/hu\/a-sikeres-online-vallalati-kommunikacio-alapjai\/\" tabindex=\"-1\" ><div class=\"elementor-post__thumbnail\"><img loading=\"lazy\" decoding=\"async\" width=\"1\" height=\"1\" src=\"https:\/\/mediaplatz.com\/wp-content\/uploads\/2019\/05\/blog-02.svg\" class=\"attachment-large size-large wp-image-385\" alt=\"\" \/><\/div><\/a>\n\t\t\t\t<div class=\"elementor-post__badge\">Branding<\/div>\n\t\t\t\t<div class=\"elementor-post__avatar\">\n\t\t\t<img alt='Nadja Runge' src='https:\/\/secure.gravatar.com\/avatar\/8b25b261857e6135e9f6bfdd46f6172f?s=128&#038;d=mm&#038;r=g' srcset='https:\/\/secure.gravatar.com\/avatar\/8b25b261857e6135e9f6bfdd46f6172f?s=256&#038;d=mm&#038;r=g 2x' class='avatar avatar-128 photo' height='128' width='128' \/>\t\t<\/div>\n\t\t\t\t<div class=\"elementor-post__text\">\n\t\t\t\t<h3 class=\"elementor-post__title\">\n\t\t\t<a href=\"https:\/\/mediaplatz.com\/hu\/a-sikeres-online-vallalati-kommunikacio-alapjai\/\" >\n\t\t\t\tA sikeres online v\u00e1llalati kommunik\u00e1ci\u00f3 alapjai\t\t\t<\/a>\n\t\t<\/h3>\n\t\t\t\t<\/div>\n\t\t\t\t\t<\/div>\n\t\t<\/article>\n\t\t\t\t<\/div>\n\t\t\n\t\t\t\t<\/div>\n\t\t\t\t<\/div>\n\t\t\t\t\t<\/div>\n\t\t<\/div>\n\t\t\t\t\t<\/div>\n\t\t<\/section>\n\t\t\t\t<\/div>\n\t\t","protected":false},"excerpt":{"rendered":"<p>Kateg\u00f3ri\u00e1k<\/p>\n","protected":false},"author":2,"featured_media":0,"parent":0,"menu_order":0,"comment_status":"closed","ping_status":"closed","template":"elementor_header_footer","meta":{"_acf_changed":false,"inline_featured_image":false,"footnotes":""},"class_list":["post-171","page","type-page","status-publish","hentry"],"acf":[],"yoast_head":"<!-- This site is optimized with the Yoast SEO plugin v23.2 - https:\/\/yoast.com\/wordpress\/plugins\/seo\/ -->\n<title>Blog - MediaPlatz<\/title>\n<meta name=\"robots\" content=\"index, follow, max-snippet:-1, max-image-preview:large, max-video-preview:-1\" \/>\n<link rel=\"canonical\" href=\"https:\/\/mediaplatz.com\/blog\/\" \/>\n<meta property=\"og:locale\" content=\"hu_HU\" \/>\n<meta property=\"og:type\" content=\"article\" \/>\n<meta property=\"og:title\" content=\"Blog - MediaPlatz\" \/>\n<meta property=\"og:description\" content=\"Kateg\u00f3ri\u00e1k\" \/>\n<meta property=\"og:url\" content=\"https:\/\/mediaplatz.com\/blog\/\" \/>\n<meta property=\"og:site_name\" content=\"MediaPlatz\" \/>\n<meta property=\"article:modified_time\" content=\"2019-07-31T16:22:55+00:00\" \/>\n<meta name=\"twitter:card\" content=\"summary_large_image\" \/>\n<script type=\"application\/ld+json\" class=\"yoast-schema-graph\">{\"@context\":\"https:\/\/schema.org\",\"@graph\":[{\"@type\":\"WebPage\",\"@id\":\"https:\/\/mediaplatz.com\/blog\/\",\"url\":\"https:\/\/mediaplatz.com\/blog\/\",\"name\":\"Blog - MediaPlatz\",\"isPartOf\":{\"@id\":\"https:\/\/mediaplatz.com\/#website\"},\"datePublished\":\"2019-05-03T09:52:18+00:00\",\"dateModified\":\"2019-07-31T16:22:55+00:00\",\"breadcrumb\":{\"@id\":\"https:\/\/mediaplatz.com\/blog\/#breadcrumb\"},\"inLanguage\":\"hu\",\"potentialAction\":[{\"@type\":\"ReadAction\",\"target\":[\"https:\/\/mediaplatz.com\/blog\/\"]}]},{\"@type\":\"BreadcrumbList\",\"@id\":\"https:\/\/mediaplatz.com\/blog\/#breadcrumb\",\"itemListElement\":[{\"@type\":\"ListItem\",\"position\":1,\"name\":\"Home\",\"item\":\"https:\/\/mediaplatz.com\/hu\/\"},{\"@type\":\"ListItem\",\"position\":2,\"name\":\"Blog\"}]},{\"@type\":\"WebSite\",\"@id\":\"https:\/\/mediaplatz.com\/#website\",\"url\":\"https:\/\/mediaplatz.com\/\",\"name\":\"MediaPlatz\",\"description\":\"Stresszmentes WordPress t\u00e1rhely \u00e9s karbantart\u00e1s\",\"publisher\":{\"@id\":\"https:\/\/mediaplatz.com\/#organization\"},\"potentialAction\":[{\"@type\":\"SearchAction\",\"target\":{\"@type\":\"EntryPoint\",\"urlTemplate\":\"https:\/\/mediaplatz.com\/?s={search_term_string}\"},\"query-input\":\"required name=search_term_string\"}],\"inLanguage\":\"hu\"},{\"@type\":\"Organization\",\"@id\":\"https:\/\/mediaplatz.com\/#organization\",\"name\":\"MediaPlatz\",\"url\":\"https:\/\/mediaplatz.com\/\",\"logo\":{\"@type\":\"ImageObject\",\"inLanguage\":\"hu\",\"@id\":\"https:\/\/mediaplatz.com\/#\/schema\/logo\/image\/\",\"url\":\"https:\/\/mediaplatz.com\/wp-content\/uploads\/2020\/05\/MP_logo_inverse.png\",\"contentUrl\":\"https:\/\/mediaplatz.com\/wp-content\/uploads\/2020\/05\/MP_logo_inverse.png\",\"width\":221,\"height\":16,\"caption\":\"MediaPlatz\"},\"image\":{\"@id\":\"https:\/\/mediaplatz.com\/#\/schema\/logo\/image\/\"}}]}<\/script>\n<!-- \/ Yoast SEO plugin. -->","yoast_head_json":{"title":"Blog - MediaPlatz","robots":{"index":"index","follow":"follow","max-snippet":"max-snippet:-1","max-image-preview":"max-image-preview:large","max-video-preview":"max-video-preview:-1"},"canonical":"https:\/\/mediaplatz.com\/blog\/","og_locale":"hu_HU","og_type":"article","og_title":"Blog - MediaPlatz","og_description":"Kateg\u00f3ri\u00e1k","og_url":"https:\/\/mediaplatz.com\/blog\/","og_site_name":"MediaPlatz","article_modified_time":"2019-07-31T16:22:55+00:00","twitter_card":"summary_large_image","schema":{"@context":"https:\/\/schema.org","@graph":[{"@type":"WebPage","@id":"https:\/\/mediaplatz.com\/blog\/","url":"https:\/\/mediaplatz.com\/blog\/","name":"Blog - MediaPlatz","isPartOf":{"@id":"https:\/\/mediaplatz.com\/#website"},"datePublished":"2019-05-03T09:52:18+00:00","dateModified":"2019-07-31T16:22:55+00:00","breadcrumb":{"@id":"https:\/\/mediaplatz.com\/blog\/#breadcrumb"},"inLanguage":"hu","potentialAction":[{"@type":"ReadAction","target":["https:\/\/mediaplatz.com\/blog\/"]}]},{"@type":"BreadcrumbList","@id":"https:\/\/mediaplatz.com\/blog\/#breadcrumb","itemListElement":[{"@type":"ListItem","position":1,"name":"Home","item":"https:\/\/mediaplatz.com\/hu\/"},{"@type":"ListItem","position":2,"name":"Blog"}]},{"@type":"WebSite","@id":"https:\/\/mediaplatz.com\/#website","url":"https:\/\/mediaplatz.com\/","name":"MediaPlatz","description":"Stresszmentes WordPress t\u00e1rhely \u00e9s karbantart\u00e1s","publisher":{"@id":"https:\/\/mediaplatz.com\/#organization"},"potentialAction":[{"@type":"SearchAction","target":{"@type":"EntryPoint","urlTemplate":"https:\/\/mediaplatz.com\/?s={search_term_string}"},"query-input":"required name=search_term_string"}],"inLanguage":"hu"},{"@type":"Organization","@id":"https:\/\/mediaplatz.com\/#organization","name":"MediaPlatz","url":"https:\/\/mediaplatz.com\/","logo":{"@type":"ImageObject","inLanguage":"hu","@id":"https:\/\/mediaplatz.com\/#\/schema\/logo\/image\/","url":"https:\/\/mediaplatz.com\/wp-content\/uploads\/2020\/05\/MP_logo_inverse.png","contentUrl":"https:\/\/mediaplatz.com\/wp-content\/uploads\/2020\/05\/MP_logo_inverse.png","width":221,"height":16,"caption":"MediaPlatz"},"image":{"@id":"https:\/\/mediaplatz.com\/#\/schema\/logo\/image\/"}}]}},"_links":{"self":[{"href":"https:\/\/mediaplatz.com\/hu\/wp-json\/wp\/v2\/pages\/171"}],"collection":[{"href":"https:\/\/mediaplatz.com\/hu\/wp-json\/wp\/v2\/pages"}],"about":[{"href":"https:\/\/mediaplatz.com\/hu\/wp-json\/wp\/v2\/types\/page"}],"author":[{"embeddable":true,"href":"https:\/\/mediaplatz.com\/hu\/wp-json\/wp\/v2\/users\/2"}],"replies":[{"embeddable":true,"href":"https:\/\/mediaplatz.com\/hu\/wp-json\/wp\/v2\/comments?post=171"}],"version-history":[{"count":0,"href":"https:\/\/mediaplatz.com\/hu\/wp-json\/wp\/v2\/pages\/171\/revisions"}],"wp:attachment":[{"href":"https:\/\/mediaplatz.com\/hu\/wp-json\/wp\/v2\/media?parent=171"}],"curies":[{"name":"wp","href":"https:\/\/api.w.org\/{rel}","templated":true}]}}